{"id":10522,"date":"2022-09-10T12:52:36","date_gmt":"2022-09-10T09:52:36","guid":{"rendered":"https:\/\/carpetanatoli.gr\/?post_type=product&#038;p=10522"},"modified":"2022-12-01T11:37:03","modified_gmt":"2022-12-01T08:37:03","slug":"super-fluffy-%ce%b1%cf%83%cf%80%cf%81%ce%bf","status":"publish","type":"product","link":"https:\/\/carpetanatoli.gr\/en\/product\/super-fluffy-%ce%b1%cf%83%cf%80%cf%81%ce%bf\/","title":{"rendered":"SUPER FLUFFY \u0391\u03a3\u03a0\u03a1\u039f"},"content":{"rendered":"<p>Imitation rabbit fur that retains the softness of the animal's natural fur. In many sizes and 4 pastel colors.<\/p>\n<p>Carpet certified for non-harmful substances<br \/>\nAntibacterial<br \/>\nAntiallergic<br \/>\nWith specially treated threads for easy cleaning<br \/>\nWashable at 30 C or in cold water without bleach<br \/>\nWith anti-slip surface<br \/>\nRecyclable \u2013 Eco-friendly<\/p>\n<p>&nbsp;<\/p>","protected":false},"excerpt":{"rendered":"<h2 class=\"shop-detail-heading\">SUPER FLUFFY WHITE<\/h2>\n<div class=\"row\"><\/div>\n<hr \/>\n<p class=\"shop-detail-excerpt\">\n<div>\n<p><strong>Collection<\/strong>: Super Fluffy<br \/>\n<strong>Composition<\/strong>: PE soft synthetic fur<br \/>\n<strong>Pile height<\/strong>: 20mm, shaggy<br \/>\n<strong>Dimensions<\/strong>: 1.00\u00d71.60, 1.40\u00d72.00, 1.60\u00d72.30, Rotunda 1.60, Set of 3 pcs. (3.08m<sup>2<\/sup>)<\/p>\n<\/div>","protected":false},"featured_media":10528,"template":"","meta":{"site-sidebar-layout":"default","site-content-layout":"default","ast-site-content-layout":"default","site-content-style":"default","site-sidebar-style":"default","ast-global-header-display":"","ast-banner-title-visibility":"","ast-main-header-display":"","ast-hfb-above-header-display":"","ast-hfb-below-header-display":"","ast-hfb-mobile-header-display":"","site-post-title":"","ast-breadcrumbs-content":"","ast-featured-img":"","footer-sml-layout":"","ast-disable-related-posts":"","theme-transparent-header-meta":"default","adv-header-id-meta":"","stick-header-meta":"","header-above-stick-meta":"","header-main-stick-meta":"","header-below-stick-meta":"","astra-migrate-meta-layouts":"default","ast-page-background-enabled":"default","ast-page-background-meta":{"desktop":{"background-color":"","background-image":"","background-repeat":"repeat","background-position":"center center","background-size":"auto","background-attachment":"scroll","background-type":"","background-media":"","overlay-type":"","overlay-color":"","overlay-opacity":"","overlay-gradient":""},"tablet":{"background-color":"","background-image":"","background-repeat":"repeat","background-position":"center center","background-size":"auto","background-attachment":"scroll","background-type":"","background-media":"","overlay-type":"","overlay-color":"","overlay-opacity":"","overlay-gradient":""},"mobile":{"background-color":"","background-image":"","background-repeat":"repeat","background-position":"center center","background-size":"auto","background-attachment":"scroll","background-type":"","background-media":"","overlay-type":"","overlay-color":"","overlay-opacity":"","overlay-gradient":""}},"ast-content-background-meta":{"desktop":{"background-color":"var(--ast-global-color-5)","background-image":"","background-repeat":"repeat","background-position":"center center","background-size":"auto","background-attachment":"scroll","background-type":"","background-media":"","overlay-type":"","overlay-color":"","overlay-opacity":"","overlay-gradient":""},"tablet":{"background-color":"var(--ast-global-color-5)","background-image":"","background-repeat":"repeat","background-position":"center center","background-size":"auto","background-attachment":"scroll","background-type":"","background-media":"","overlay-type":"","overlay-color":"","overlay-opacity":"","overlay-gradient":""},"mobile":{"background-color":"var(--ast-global-color-5)","background-image":"","background-repeat":"repeat","background-position":"center center","background-size":"auto","background-attachment":"scroll","background-type":"","background-media":"","overlay-type":"","overlay-color":"","overlay-opacity":"","overlay-gradient":""}}},"product_brand":[],"product_cat":[39,33,231],"product_tag":[],"class_list":{"0":"post-10522","1":"product","2":"type-product","3":"status-publish","4":"has-post-thumbnail","6":"product_cat-39","7":"product_cat-33","8":"product_cat-231","9":"desktop-align-left","10":"tablet-align-left","11":"mobile-align-left","13":"first","14":"instock","15":"shipping-taxable","16":"purchasable","17":"product-type-variable"},"_links":{"self":[{"href":"https:\/\/carpetanatoli.gr\/en\/wp-json\/wp\/v2\/product\/10522","targetHints":{"allow":["GET"]}}],"collection":[{"href":"https:\/\/carpetanatoli.gr\/en\/wp-json\/wp\/v2\/product"}],"about":[{"href":"https:\/\/carpetanatoli.gr\/en\/wp-json\/wp\/v2\/types\/product"}],"version-history":[{"count":2,"href":"https:\/\/carpetanatoli.gr\/en\/wp-json\/wp\/v2\/product\/10522\/revisions"}],"predecessor-version":[{"id":10701,"href":"https:\/\/carpetanatoli.gr\/en\/wp-json\/wp\/v2\/product\/10522\/revisions\/10701"}],"wp:featuredmedia":[{"embeddable":true,"href":"https:\/\/carpetanatoli.gr\/en\/wp-json\/wp\/v2\/media\/10528"}],"wp:attachment":[{"href":"https:\/\/carpetanatoli.gr\/en\/wp-json\/wp\/v2\/media?parent=10522"}],"wp:term":[{"taxonomy":"product_brand","embeddable":true,"href":"https:\/\/carpetanatoli.gr\/en\/wp-json\/wp\/v2\/product_brand?post=10522"},{"taxonomy":"product_cat","embeddable":true,"href":"https:\/\/carpetanatoli.gr\/en\/wp-json\/wp\/v2\/product_cat?post=10522"},{"taxonomy":"product_tag","embeddable":true,"href":"https:\/\/carpetanatoli.gr\/en\/wp-json\/wp\/v2\/product_tag?post=10522"}],"curies":[{"name":"wp","href":"https:\/\/api.w.org\/{rel}","templated":true}]}}